{"id":5,"date":"2024-09-25T09:53:35","date_gmt":"2024-09-25T08:53:35","guid":{"rendered":"https:\/\/lajouvence.com\/?page_id=12"},"modified":"2026-01-30T14:59:31","modified_gmt":"2026-01-30T13:59:31","slug":"home","status":"publish","type":"page","link":"https:\/\/lajouvence.com\/fr\/","title":{"rendered":"Votre bien-\u00eatre commence ici"},"content":{"rendered":"\n<h3 class=\"wp-block-heading\">ABORDEZ CHAQUE NOUVELLE \u00c9TAPE AVEC CONFIANCE<\/h3>\n\n\n\n<p class=\"intro\">Nous sommes tous uniques, et cette singularit\u00e9 est une richesse pr\u00e9cieuse \u00e0 pr\u00e9server et \u00e0 sublimer.<\/p>\n\n\n\n<p class=\"intro\">Chez Jouvence, nous valorisons la diversit\u00e9 des histoires, des types de peau et des parcours individuels. En alliant science et expertise, nous concevons des soins sur mesure, adapt\u00e9s \u00e0 vos besoins sp\u00e9cifiques. Nos traitements sont pens\u00e9s pour offrir des r\u00e9sultats naturels, afin que vous puissiez vous sentir bien dans votre peau, en parfaite harmonie avec vous-m\u00eame.<\/p>\n\n\n\n<p class=\"intro\"> \u00c0 chaque \u00e9tape de votre vie.<\/p>\n","protected":false},"excerpt":{"rendered":"<p>ABORDEZ CHAQUE NOUVELLE \u00c9TAPE AVEC CONFIANCE Nous sommes tous uniques, et cette singularit\u00e9 est une richesse pr\u00e9cieuse \u00e0 pr\u00e9server et \u00e0 sublimer. Chez Jouvence, nous valorisons la diversit\u00e9 des histoires, des types de peau et des parcours individuels. En alliant science et expertise, nous concevons des soins sur mesure, adapt\u00e9s \u00e0 vos besoins sp\u00e9cifiques. Nos [&hellip;]<\/p>\n","protected":false},"author":1,"featured_media":15,"parent":0,"menu_order":0,"comment_status":"closed","ping_status":"closed","template":"","meta":{"_acf_changed":false,"inline_featured_image":false,"footnotes":""},"class_list":["post-5","page","type-page","status-publish","has-post-thumbnail","hentry"],"acf":[],"yoast_head":"<!-- This site is optimized with the Yoast SEO plugin v27.4 - https:\/\/yoast.com\/product\/yoast-seo-wordpress\/ -->\n<title>Votre bien-\u00eatre commence ici - Jouvence<\/title>\n<meta name=\"robots\" content=\"index, follow, max-snippet:-1, max-image-preview:large, max-video-preview:-1\" \/>\n<link rel=\"canonical\" href=\"https:\/\/lajouvence.com\/fr\/\" \/>\n<meta property=\"og:locale\" content=\"fr_FR\" \/>\n<meta property=\"og:type\" content=\"article\" \/>\n<meta property=\"og:title\" content=\"Votre bien-\u00eatre commence ici - Jouvence\" \/>\n<meta property=\"og:description\" content=\"ABORDEZ CHAQUE NOUVELLE \u00c9TAPE AVEC CONFIANCE Nous sommes tous uniques, et cette singularit\u00e9 est une richesse pr\u00e9cieuse \u00e0 pr\u00e9server et \u00e0 sublimer. Chez Jouvence, nous valorisons la diversit\u00e9 des histoires, des types de peau et des parcours individuels. En alliant science et expertise, nous concevons des soins sur mesure, adapt\u00e9s \u00e0 vos besoins sp\u00e9cifiques. Nos [&hellip;]\" \/>\n<meta property=\"og:url\" content=\"https:\/\/lajouvence.com\/fr\/\" \/>\n<meta property=\"og:site_name\" content=\"Jouvence\" \/>\n<meta property=\"article:modified_time\" content=\"2026-01-30T13:59:31+00:00\" \/>\n<meta property=\"og:image\" content=\"https:\/\/lajouvence.com\/fr\/wp-content\/uploads\/2024\/10\/jouvence-hero.png\" \/>\n\t<meta property=\"og:image:width\" content=\"1400\" \/>\n\t<meta property=\"og:image:height\" content=\"768\" \/>\n\t<meta property=\"og:image:type\" content=\"image\/png\" \/>\n<meta name=\"twitter:card\" content=\"summary_large_image\" \/>\n<meta name=\"twitter:label1\" content=\"Dur\u00e9e de lecture estim\u00e9e\" \/>\n\t<meta name=\"twitter:data1\" content=\"7 minutes\" \/>\n<script type=\"application\/ld+json\" class=\"yoast-schema-graph\">{\"@context\":\"https:\\\/\\\/schema.org\",\"@graph\":[{\"@type\":\"WebPage\",\"@id\":\"https:\\\/\\\/lajouvence.com\\\/fr\\\/\",\"url\":\"https:\\\/\\\/lajouvence.com\\\/fr\\\/\",\"name\":\"Votre bien-\u00eatre commence ici - Jouvence\",\"isPartOf\":{\"@id\":\"https:\\\/\\\/lajouvence.com\\\/fr\\\/#website\"},\"primaryImageOfPage\":{\"@id\":\"https:\\\/\\\/lajouvence.com\\\/fr\\\/#primaryimage\"},\"image\":{\"@id\":\"https:\\\/\\\/lajouvence.com\\\/fr\\\/#primaryimage\"},\"thumbnailUrl\":\"https:\\\/\\\/lajouvence.com\\\/fr\\\/wp-content\\\/uploads\\\/2024\\\/10\\\/jouvence-hero.png\",\"datePublished\":\"2024-09-25T08:53:35+00:00\",\"dateModified\":\"2026-01-30T13:59:31+00:00\",\"breadcrumb\":{\"@id\":\"https:\\\/\\\/lajouvence.com\\\/fr\\\/#breadcrumb\"},\"inLanguage\":\"fr-FR\",\"potentialAction\":[{\"@type\":\"ReadAction\",\"target\":[\"https:\\\/\\\/lajouvence.com\\\/fr\\\/\"]}]},{\"@type\":\"ImageObject\",\"inLanguage\":\"fr-FR\",\"@id\":\"https:\\\/\\\/lajouvence.com\\\/fr\\\/#primaryimage\",\"url\":\"https:\\\/\\\/lajouvence.com\\\/fr\\\/wp-content\\\/uploads\\\/2024\\\/10\\\/jouvence-hero.png\",\"contentUrl\":\"https:\\\/\\\/lajouvence.com\\\/fr\\\/wp-content\\\/uploads\\\/2024\\\/10\\\/jouvence-hero.png\",\"width\":1400,\"height\":768},{\"@type\":\"BreadcrumbList\",\"@id\":\"https:\\\/\\\/lajouvence.com\\\/fr\\\/#breadcrumb\",\"itemListElement\":[{\"@type\":\"ListItem\",\"position\":1,\"name\":\"Accueil\",\"item\":\"https:\\\/\\\/lajouvence.com\\\/fr\\\/\"},{\"@type\":\"ListItem\",\"position\":2,\"name\":\"Votre bien-\u00eatre commence ici\"}]},{\"@type\":\"WebSite\",\"@id\":\"https:\\\/\\\/lajouvence.com\\\/fr\\\/#website\",\"url\":\"https:\\\/\\\/lajouvence.com\\\/fr\\\/\",\"name\":\"Jouvence\",\"description\":\"Medical Aesthetic Clinic\",\"publisher\":{\"@id\":\"https:\\\/\\\/lajouvence.com\\\/fr\\\/#organization\"},\"potentialAction\":[{\"@type\":\"SearchAction\",\"target\":{\"@type\":\"EntryPoint\",\"urlTemplate\":\"https:\\\/\\\/lajouvence.com\\\/fr\\\/?s={search_term_string}\"},\"query-input\":{\"@type\":\"PropertyValueSpecification\",\"valueRequired\":true,\"valueName\":\"search_term_string\"}}],\"inLanguage\":\"fr-FR\"},{\"@type\":\"Organization\",\"@id\":\"https:\\\/\\\/lajouvence.com\\\/fr\\\/#organization\",\"name\":\"Jouvence\",\"url\":\"https:\\\/\\\/lajouvence.com\\\/fr\\\/\",\"logo\":{\"@type\":\"ImageObject\",\"inLanguage\":\"fr-FR\",\"@id\":\"https:\\\/\\\/lajouvence.com\\\/fr\\\/#\\\/schema\\\/logo\\\/image\\\/\",\"url\":\"https:\\\/\\\/lajouvence.com\\\/fr\\\/wp-content\\\/uploads\\\/2024\\\/09\\\/favicon512x512.png\",\"contentUrl\":\"https:\\\/\\\/lajouvence.com\\\/fr\\\/wp-content\\\/uploads\\\/2024\\\/09\\\/favicon512x512.png\",\"width\":512,\"height\":512,\"caption\":\"Jouvence\"},\"image\":{\"@id\":\"https:\\\/\\\/lajouvence.com\\\/fr\\\/#\\\/schema\\\/logo\\\/image\\\/\"}}]}<\/script>\n<!-- \/ Yoast SEO plugin. -->","yoast_head_json":{"title":"Votre bien-\u00eatre commence ici - Jouvence","robots":{"index":"index","follow":"follow","max-snippet":"max-snippet:-1","max-image-preview":"max-image-preview:large","max-video-preview":"max-video-preview:-1"},"canonical":"https:\/\/lajouvence.com\/fr\/","og_locale":"fr_FR","og_type":"article","og_title":"Votre bien-\u00eatre commence ici - Jouvence","og_description":"ABORDEZ CHAQUE NOUVELLE \u00c9TAPE AVEC CONFIANCE Nous sommes tous uniques, et cette singularit\u00e9 est une richesse pr\u00e9cieuse \u00e0 pr\u00e9server et \u00e0 sublimer. Chez Jouvence, nous valorisons la diversit\u00e9 des histoires, des types de peau et des parcours individuels. En alliant science et expertise, nous concevons des soins sur mesure, adapt\u00e9s \u00e0 vos besoins sp\u00e9cifiques. Nos [&hellip;]","og_url":"https:\/\/lajouvence.com\/fr\/","og_site_name":"Jouvence","article_modified_time":"2026-01-30T13:59:31+00:00","og_image":[{"width":1400,"height":768,"url":"https:\/\/lajouvence.com\/fr\/wp-content\/uploads\/2024\/10\/jouvence-hero.png","type":"image\/png"}],"twitter_card":"summary_large_image","twitter_misc":{"Dur\u00e9e de lecture estim\u00e9e":"7 minutes"},"schema":{"@context":"https:\/\/schema.org","@graph":[{"@type":"WebPage","@id":"https:\/\/lajouvence.com\/fr\/","url":"https:\/\/lajouvence.com\/fr\/","name":"Votre bien-\u00eatre commence ici - Jouvence","isPartOf":{"@id":"https:\/\/lajouvence.com\/fr\/#website"},"primaryImageOfPage":{"@id":"https:\/\/lajouvence.com\/fr\/#primaryimage"},"image":{"@id":"https:\/\/lajouvence.com\/fr\/#primaryimage"},"thumbnailUrl":"https:\/\/lajouvence.com\/fr\/wp-content\/uploads\/2024\/10\/jouvence-hero.png","datePublished":"2024-09-25T08:53:35+00:00","dateModified":"2026-01-30T13:59:31+00:00","breadcrumb":{"@id":"https:\/\/lajouvence.com\/fr\/#breadcrumb"},"inLanguage":"fr-FR","potentialAction":[{"@type":"ReadAction","target":["https:\/\/lajouvence.com\/fr\/"]}]},{"@type":"ImageObject","inLanguage":"fr-FR","@id":"https:\/\/lajouvence.com\/fr\/#primaryimage","url":"https:\/\/lajouvence.com\/fr\/wp-content\/uploads\/2024\/10\/jouvence-hero.png","contentUrl":"https:\/\/lajouvence.com\/fr\/wp-content\/uploads\/2024\/10\/jouvence-hero.png","width":1400,"height":768},{"@type":"BreadcrumbList","@id":"https:\/\/lajouvence.com\/fr\/#breadcrumb","itemListElement":[{"@type":"ListItem","position":1,"name":"Accueil","item":"https:\/\/lajouvence.com\/fr\/"},{"@type":"ListItem","position":2,"name":"Votre bien-\u00eatre commence ici"}]},{"@type":"WebSite","@id":"https:\/\/lajouvence.com\/fr\/#website","url":"https:\/\/lajouvence.com\/fr\/","name":"Jouvence","description":"Medical Aesthetic Clinic","publisher":{"@id":"https:\/\/lajouvence.com\/fr\/#organization"},"potentialAction":[{"@type":"SearchAction","target":{"@type":"EntryPoint","urlTemplate":"https:\/\/lajouvence.com\/fr\/?s={search_term_string}"},"query-input":{"@type":"PropertyValueSpecification","valueRequired":true,"valueName":"search_term_string"}}],"inLanguage":"fr-FR"},{"@type":"Organization","@id":"https:\/\/lajouvence.com\/fr\/#organization","name":"Jouvence","url":"https:\/\/lajouvence.com\/fr\/","logo":{"@type":"ImageObject","inLanguage":"fr-FR","@id":"https:\/\/lajouvence.com\/fr\/#\/schema\/logo\/image\/","url":"https:\/\/lajouvence.com\/fr\/wp-content\/uploads\/2024\/09\/favicon512x512.png","contentUrl":"https:\/\/lajouvence.com\/fr\/wp-content\/uploads\/2024\/09\/favicon512x512.png","width":512,"height":512,"caption":"Jouvence"},"image":{"@id":"https:\/\/lajouvence.com\/fr\/#\/schema\/logo\/image\/"}}]}},"_links":{"self":[{"href":"https:\/\/lajouvence.com\/fr\/wp-json\/wp\/v2\/pages\/5","targetHints":{"allow":["GET"]}}],"collection":[{"href":"https:\/\/lajouvence.com\/fr\/wp-json\/wp\/v2\/pages"}],"about":[{"href":"https:\/\/lajouvence.com\/fr\/wp-json\/wp\/v2\/types\/page"}],"author":[{"embeddable":true,"href":"https:\/\/lajouvence.com\/fr\/wp-json\/wp\/v2\/users\/1"}],"replies":[{"embeddable":true,"href":"https:\/\/lajouvence.com\/fr\/wp-json\/wp\/v2\/comments?post=5"}],"version-history":[{"count":44,"href":"https:\/\/lajouvence.com\/fr\/wp-json\/wp\/v2\/pages\/5\/revisions"}],"predecessor-version":[{"id":749,"href":"https:\/\/lajouvence.com\/fr\/wp-json\/wp\/v2\/pages\/5\/revisions\/749"}],"wp:featuredmedia":[{"embeddable":true,"href":"https:\/\/lajouvence.com\/fr\/wp-json\/wp\/v2\/media\/15"}],"wp:attachment":[{"href":"https:\/\/lajouvence.com\/fr\/wp-json\/wp\/v2\/media?parent=5"}],"curies":[{"name":"wp","href":"https:\/\/api.w.org\/{rel}","templated":true}]}}