{"id":445,"date":"2024-11-14T05:04:16","date_gmt":"2024-11-14T10:04:16","guid":{"rendered":"https:\/\/lajouvence.com\/?page_id=495"},"modified":"2024-11-14T11:13:00","modified_gmt":"2024-11-14T10:13:00","slug":"terms-of-service","status":"publish","type":"page","link":"https:\/\/lajouvence.com\/fr\/terms-of-service\/","title":{"rendered":"Conditions g\u00e9n\u00e9rales d&rsquo;utilisation"},"content":{"rendered":"\n<p><strong>Derni\u00e8re mise \u00e0 jour: 14.12.2023<\/strong><\/p>\n\n\n\n<p>Le pr\u00e9sent document a pour objet de d\u00e9finir les modalit\u00e9s et conditions dans lesquelles d\u2019une part, JOUVENCE SA, ci-apr\u00e8s d\u00e9nomm\u00e9 l\u2019\u00c9DITEUR, met \u00e0 la disposition de ses utilisateurs le site, et les services disponibles sur le site et d\u2019autre part, la mani\u00e8re par laquelle l\u2019utilisateur acc\u00e8de au site et utilise ses services.<\/p>\n\n\n\n<p>Toute connexion au site est subordonn\u00e9e au respect des pr\u00e9sentes conditions.<\/p>\n\n\n\n<h2 class=\"wp-block-heading\" id=\"responsable-body\">Responsable du traitement des donn\u00e9es<\/h2>\n\n\n\n<p>Cabinet de m\u00e9decine esth\u00e9tique La Jouvence SA<br>Rue de l\u2019H\u00f4pital 18<br>2000 Neuch\u00e2tel<br>Suisse<\/p>\n\n\n\n<p>T\u00e9l\u00e9phone: +41 (0)32 710 19 07<br>Email:&nbsp;<a href=\"mailto:info@lajouvence.com\">info@lajouvence.com<\/a><\/p>\n\n\n\n<h2 class=\"wp-block-heading\">Modification des conditions d\u2019utilisation<\/h2>\n\n\n\n<p>L\u2019\u00c9DITEUR se r\u00e9serve la possibilit\u00e9 de modifier, \u00e0 tout moment et sans pr\u00e9avis, les pr\u00e9sentes conditions d\u2019utilisation afin de les adapter aux \u00e9volutions du site et\/ou de son exploitation.<\/p>\n\n\n\n<h2 class=\"wp-block-heading\">Propri\u00e9t\u00e9 intellectuelle<\/h2>\n\n\n\n<p>La structure g\u00e9n\u00e9rale du site&nbsp;<a href=\"\/\">lajouvence.com<\/a>, ainsi que les textes, graphiques, images, sons et vid\u00e9os la composant, sont la propri\u00e9t\u00e9 de l&rsquo;\u00c9DITEUR ou de ses partenaires. Toute repr\u00e9sentation et\/ou reproduction et\/ou exploitation partielle ou totale des contenus et services propos\u00e9s, par quelque proc\u00e9d\u00e9 que ce soit, sans l&rsquo;autorisation pr\u00e9alable de&nbsp;<a href=\"\/\">lajouvence.com<\/a>&nbsp;est strictement interdite.<\/p>\n\n\n\n<h2 class=\"wp-block-heading\">Liens hypertextes<\/h2>\n\n\n\n<p>Le site&nbsp;<a href=\"\/\">lajouvence.com<\/a>&nbsp;peut contenir des liens hypertextes vers d\u2019autres sites pr\u00e9sents sur le r\u00e9seau Internet. Les liens vers ces autres ressources vous font quitter notre site.<\/p>\n\n\n\n<p>Il est possible de cr\u00e9er un lien vers une page de notre site sans autorisation expresse de l\u2019\u00c9DITEUR. Aucune autorisation ou demande d\u2019information pr\u00e9alable ne peut \u00eatre exig\u00e9e par l\u2019\u00c9DITEUR \u00e0 l\u2019\u00e9gard d\u2019un site qui souhaite \u00e9tablir un lien vers ce site. Cependant, l\u2019\u00c9DITEUR se r\u00e9serve le droit de demander la suppression d\u2019un lien qu\u2019il estime non conforme \u00e0 l\u2019objet de son site.<\/p>\n\n\n\n<h2 class=\"wp-block-heading\">Protection des donn\u00e9es<\/h2>\n\n\n\n<p>Conform\u00e9ment \u00e0 la loi sur la protection des donn\u00e9es, toutes les informations qui vous concernent sont trait\u00e9es confidentiellement et ne sont pas transmises \u00e0 des tiers.<\/p>\n\n\n\n<p><strong>Donn\u00e9es \u00e0 caract\u00e8re personnel<\/strong><\/p>\n\n\n\n<p>Nous ne traitons des donn\u00e9es \u00e0 caract\u00e8re personnel que si la l\u00e9gislation nous l\u2019autorise ou que vous nous avez donn\u00e9 votre consentement en la mati\u00e8re. En particulier :<\/p>\n\n\n\n<ul class=\"wp-block-list\">\n<li><strong>Contact \/ Formulaire de contact<\/strong><br>Lorsque vous nous contactez via le formulaire de contact, nous enregistrons vos donn\u00e9es aux fins du traitement de votre demande et au cas o\u00f9 elle serait suivie d\u2019une correspondance, p. ex. pour r\u00e9pondre \u00e0 vos questions. \u00c0 cet effet, nous avons besoin de diff\u00e9rentes informations telles que votre nom et votre adresse email.<br>Nous conservons les donn\u00e9es que vous nous transmettez jusqu\u2019\u00e0 ce que vous nous en demandiez l\u2019effacement ou qu\u2019il n\u2019est plus n\u00e9cessaire de les conserver. La validit\u00e9 des dispositions l\u00e9gales telles que les d\u00e9lais de conservation demeure intacte.<\/li>\n\n\n\n<li><strong>Newsletter<\/strong><br>Pour vous adresser notre newsletter, nous avons besoin de votre adresse e-mail et votre nom. Les donn\u00e9es sont utilis\u00e9es exclusivement pour l\u2019envoi de notre newsletter. Vous pouvez r\u00e9voquer votre consentement \u00e0 tout moment en vous d\u00e9sabonnant via le lien correspondant fourni dans la newsletter.<br>Lorsque vous vous d\u00e9sabonnez de la newsletter, les donn\u00e9es saisies pour activer votre abonnement sont effac\u00e9es. La lic\u00e9it\u00e9 des traitements de donn\u00e9es d\u00e9j\u00e0 effectu\u00e9s demeure intacte en cas de r\u00e9vocation. Si vous nous avez fourni ces donn\u00e9es \u00e0 un autre endroit et \u00e0 d\u2019autres fins, elles resteront chez nous.<\/li>\n\n\n\n<li><strong>Messagerie instantan\u00e9e WhatsApp<\/strong><br>Sur notre site vous avez la possibilit\u00e9 de cliquer un lien qui vous permettra de communiquer avec nous en utilisant l&rsquo;application WhatsApp. Pour visualiser ces contenus, vous devez d\u2019abord accepter les conditions particuli\u00e8res de ce prestataire. Il s\u2019agit notamment de\u00a0<a href=\"https:\/\/www.whatsapp.com\/legal\/cookies?lang=fr\" target=\"_blank\" rel=\"noreferrer noopener\">leur politiques en mati\u00e8re de cookies<\/a>, qui \u00e9chappent \u00e0 notre contr\u00f4le. Toutefois, si vous ne visualisez pas ce contenu, aucun cookie tiers ne sera install\u00e9 sur votre appareil.<br>En nous contactant de cette mani\u00e8re, votre num\u00e9ro de t\u00e9l\u00e9phone va \u00eatre enregistr\u00e9 dans notre carnet d&rsquo;adresses WhatsApp. Vous pouvez demander \u00e0 tout moment l&rsquo;effacement de vos informations.<\/li>\n<\/ul>\n\n\n\n<h2 class=\"wp-block-heading\">Vos droits<\/h2>\n\n\n\n<ul class=\"wp-block-list\">\n<li><strong>Droit d\u2019acc\u00e8s<\/strong><br>Vous pouvez exercer votre droit d\u2019acc\u00e8s \u00e0 tout moment. En r\u00e9ponse, vous obtiendrez des informations sur les donn\u00e9es vous concernant qui ont \u00e9t\u00e9 collect\u00e9es et en rapport avec le traitement de vos donn\u00e9es.<br>Pour cela, veuillez contacter\u00a0<a href=\"#responsable-body\">le responsable du traitement<\/a>.<\/li>\n\n\n\n<li><strong>Rectification<\/strong><br>Si vous constatez que vos donn\u00e9es ne sont pas correctes, vous pouvez demander une rectification imm\u00e9diate en contactant\u00a0<a href=\"#responsable-body\">le responsable du traitement<\/a>.<\/li>\n\n\n\n<li><strong>Effacement<\/strong><br>Vous pouvez exiger que vos donn\u00e9es soient effac\u00e9es. Dans ce cas, les donn\u00e9es vous concernant sont effac\u00e9es de fa\u00e7on permanente. Cet effacement s\u2019effectue d\u00e8s lors qu\u2019il n\u2019y a aucun devoir de conservation des donn\u00e9es ou que ces derni\u00e8res ne sont pas n\u00e9cessaires pour l\u2019ex\u00e9cution du contrat.<br>Pour cela, veuillez contacter\u00a0<a href=\"#responsable-body\">le responsable du traitement<\/a>.<\/li>\n\n\n\n<li><strong>Limitation du traitement<\/strong><br>Vous pouvez exiger la limitation du traitement lorsque l\u2019exactitude des donn\u00e9es \u00e0 caract\u00e8re personnel est contest\u00e9e, le traitement est illicite,\u00a0<a href=\"#responsable-body\">le responsable du traitement<\/a>\u00a0n\u2019a plus besoin des donn\u00e9es aux fins du traitement ou la personne concern\u00e9e s\u2019est oppos\u00e9e au traitement.<\/li>\n\n\n\n<li><strong>Droit d\u2019opposition<\/strong><br>Vous avez le droit de vous opposer \u00e0 tout moment, pour des raisons tenant \u00e0 votre situation particuli\u00e8re, \u00e0 un traitement des donn\u00e9es \u00e0 caract\u00e8re personnel vous concernant. D\u00e8s lors que les conditions l\u00e9gales pr\u00e9alables sont r\u00e9unies,\u00a0<a href=\"#responsable-body\">le responsable du traitement<\/a>\u00a0ne traitera plus vos donn\u00e9es.<\/li>\n<\/ul>\n\n\n\n<p>Par ailleurs, vous avez la possibilit\u00e9 d\u2019adresser une plainte \u00e0 l\u2019autorit\u00e9 de surveillance, en l\u2019occurrence le Pr\u00e9pos\u00e9 f\u00e9d\u00e9ral \u00e0 la protection des donn\u00e9es et \u00e0 la transparence (PFPDT), Feldeggweg 1, CH-3003 Berne.<\/p>\n\n\n\n<h2 class=\"wp-block-heading\">Cookies<\/h2>\n\n\n\n<p>Outre les donn\u00e9es mentionn\u00e9es dans notre d\u00e9claration de protection des donn\u00e9es, nous utilisons des moyens techniques pour diff\u00e9rentes fonctions, notamment des cookies qui peuvent \u00eatre enregistr\u00e9s sur votre appareil, quand vous utilisez nos sites et nos applications.<\/p>\n\n\n\n<p>Les cookies sont des fichiers texte ou des informations enregistr\u00e9s sur votre appareil et sont rattach\u00e9s au navigateur que vous utilisez de sorte que des informations puissent parvenir \u00e0 l\u2019entit\u00e9 qui les place. Les cookies ne peuvent pas ex\u00e9cuter de logiciels, ni transf\u00e9rer de virus sur votre ordinateur, mais servent avant tout \u00e0 concevoir une offre en ligne plus rapide et plus conviviale.<\/p>\n\n\n\n<p>Pour en savoir plus sur le traitement des cookies sur notre site, veuillez consulter&nbsp;<a href=\"\/fr\/cookie-policy\">Notre Politique en mati\u00e8re de cookies<\/a>.<\/p>\n\n\n\n<p><\/p>\n","protected":false},"excerpt":{"rendered":"<p>Derni\u00e8re mise \u00e0 jour: 14.12.2023 Le pr\u00e9sent document a pour objet de d\u00e9finir les modalit\u00e9s et conditions dans lesquelles d\u2019une part, JOUVENCE SA, ci-apr\u00e8s d\u00e9nomm\u00e9 l\u2019\u00c9DITEUR, met \u00e0 la disposition de ses utilisateurs le site, et les services disponibles sur le site et d\u2019autre part, la mani\u00e8re par laquelle l\u2019utilisateur acc\u00e8de au site et utilise [&hellip;]<\/p>\n","protected":false},"author":1,"featured_media":15,"parent":0,"menu_order":0,"comment_status":"closed","ping_status":"closed","template":"page-blank.php","meta":{"_acf_changed":false,"inline_featured_image":false,"footnotes":""},"class_list":["post-445","page","type-page","status-publish","has-post-thumbnail","hentry"],"acf":[],"yoast_head":"<!-- This site is optimized with the Yoast SEO plugin v27.4 - https:\/\/yoast.com\/product\/yoast-seo-wordpress\/ -->\n<title>Conditions g\u00e9n\u00e9rales d&#039;utilisation - Jouvence<\/title>\n<meta name=\"robots\" content=\"index, follow, max-snippet:-1, max-image-preview:large, max-video-preview:-1\" \/>\n<link rel=\"canonical\" href=\"https:\/\/lajouvence.com\/fr\/terms-of-service\/\" \/>\n<meta property=\"og:locale\" content=\"fr_FR\" \/>\n<meta property=\"og:type\" content=\"article\" \/>\n<meta property=\"og:title\" content=\"Conditions g\u00e9n\u00e9rales d&#039;utilisation - Jouvence\" \/>\n<meta property=\"og:description\" content=\"Derni\u00e8re mise \u00e0 jour: 14.12.2023 Le pr\u00e9sent document a pour objet de d\u00e9finir les modalit\u00e9s et conditions dans lesquelles d\u2019une part, JOUVENCE SA, ci-apr\u00e8s d\u00e9nomm\u00e9 l\u2019\u00c9DITEUR, met \u00e0 la disposition de ses utilisateurs le site, et les services disponibles sur le site et d\u2019autre part, la mani\u00e8re par laquelle l\u2019utilisateur acc\u00e8de au site et utilise [&hellip;]\" \/>\n<meta property=\"og:url\" content=\"https:\/\/lajouvence.com\/fr\/terms-of-service\/\" \/>\n<meta property=\"og:site_name\" content=\"Jouvence\" \/>\n<meta property=\"article:modified_time\" content=\"2024-11-14T10:13:00+00:00\" \/>\n<meta property=\"og:image\" content=\"https:\/\/lajouvence.com\/fr\/wp-content\/uploads\/2024\/10\/jouvence-hero.png\" \/>\n\t<meta property=\"og:image:width\" content=\"1400\" \/>\n\t<meta property=\"og:image:height\" content=\"768\" \/>\n\t<meta property=\"og:image:type\" content=\"image\/png\" \/>\n<meta name=\"twitter:card\" content=\"summary_large_image\" \/>\n<meta name=\"twitter:label1\" content=\"Dur\u00e9e de lecture estim\u00e9e\" \/>\n\t<meta name=\"twitter:data1\" content=\"6 minutes\" \/>\n<script type=\"application\/ld+json\" class=\"yoast-schema-graph\">{\"@context\":\"https:\\\/\\\/schema.org\",\"@graph\":[{\"@type\":\"WebPage\",\"@id\":\"https:\\\/\\\/lajouvence.com\\\/fr\\\/terms-of-service\\\/\",\"url\":\"https:\\\/\\\/lajouvence.com\\\/fr\\\/terms-of-service\\\/\",\"name\":\"Conditions g\u00e9n\u00e9rales d'utilisation - Jouvence\",\"isPartOf\":{\"@id\":\"https:\\\/\\\/lajouvence.com\\\/fr\\\/#website\"},\"primaryImageOfPage\":{\"@id\":\"https:\\\/\\\/lajouvence.com\\\/fr\\\/terms-of-service\\\/#primaryimage\"},\"image\":{\"@id\":\"https:\\\/\\\/lajouvence.com\\\/fr\\\/terms-of-service\\\/#primaryimage\"},\"thumbnailUrl\":\"https:\\\/\\\/lajouvence.com\\\/fr\\\/wp-content\\\/uploads\\\/2024\\\/10\\\/jouvence-hero.png\",\"datePublished\":\"2024-11-14T10:04:16+00:00\",\"dateModified\":\"2024-11-14T10:13:00+00:00\",\"breadcrumb\":{\"@id\":\"https:\\\/\\\/lajouvence.com\\\/fr\\\/terms-of-service\\\/#breadcrumb\"},\"inLanguage\":\"fr-FR\",\"potentialAction\":[{\"@type\":\"ReadAction\",\"target\":[\"https:\\\/\\\/lajouvence.com\\\/fr\\\/terms-of-service\\\/\"]}]},{\"@type\":\"ImageObject\",\"inLanguage\":\"fr-FR\",\"@id\":\"https:\\\/\\\/lajouvence.com\\\/fr\\\/terms-of-service\\\/#primaryimage\",\"url\":\"https:\\\/\\\/lajouvence.com\\\/fr\\\/wp-content\\\/uploads\\\/2024\\\/10\\\/jouvence-hero.png\",\"contentUrl\":\"https:\\\/\\\/lajouvence.com\\\/fr\\\/wp-content\\\/uploads\\\/2024\\\/10\\\/jouvence-hero.png\",\"width\":1400,\"height\":768},{\"@type\":\"BreadcrumbList\",\"@id\":\"https:\\\/\\\/lajouvence.com\\\/fr\\\/terms-of-service\\\/#breadcrumb\",\"itemListElement\":[{\"@type\":\"ListItem\",\"position\":1,\"name\":\"Accueil\",\"item\":\"https:\\\/\\\/lajouvence.com\\\/fr\\\/\"},{\"@type\":\"ListItem\",\"position\":2,\"name\":\"Conditions g\u00e9n\u00e9rales d&#8217;utilisation\"}]},{\"@type\":\"WebSite\",\"@id\":\"https:\\\/\\\/lajouvence.com\\\/fr\\\/#website\",\"url\":\"https:\\\/\\\/lajouvence.com\\\/fr\\\/\",\"name\":\"Jouvence\",\"description\":\"Medical Aesthetic Clinic\",\"publisher\":{\"@id\":\"https:\\\/\\\/lajouvence.com\\\/fr\\\/#organization\"},\"potentialAction\":[{\"@type\":\"SearchAction\",\"target\":{\"@type\":\"EntryPoint\",\"urlTemplate\":\"https:\\\/\\\/lajouvence.com\\\/fr\\\/?s={search_term_string}\"},\"query-input\":{\"@type\":\"PropertyValueSpecification\",\"valueRequired\":true,\"valueName\":\"search_term_string\"}}],\"inLanguage\":\"fr-FR\"},{\"@type\":\"Organization\",\"@id\":\"https:\\\/\\\/lajouvence.com\\\/fr\\\/#organization\",\"name\":\"Jouvence\",\"url\":\"https:\\\/\\\/lajouvence.com\\\/fr\\\/\",\"logo\":{\"@type\":\"ImageObject\",\"inLanguage\":\"fr-FR\",\"@id\":\"https:\\\/\\\/lajouvence.com\\\/fr\\\/#\\\/schema\\\/logo\\\/image\\\/\",\"url\":\"https:\\\/\\\/lajouvence.com\\\/fr\\\/wp-content\\\/uploads\\\/2024\\\/09\\\/favicon512x512.png\",\"contentUrl\":\"https:\\\/\\\/lajouvence.com\\\/fr\\\/wp-content\\\/uploads\\\/2024\\\/09\\\/favicon512x512.png\",\"width\":512,\"height\":512,\"caption\":\"Jouvence\"},\"image\":{\"@id\":\"https:\\\/\\\/lajouvence.com\\\/fr\\\/#\\\/schema\\\/logo\\\/image\\\/\"}}]}<\/script>\n<!-- \/ Yoast SEO plugin. -->","yoast_head_json":{"title":"Conditions g\u00e9n\u00e9rales d'utilisation - Jouvence","robots":{"index":"index","follow":"follow","max-snippet":"max-snippet:-1","max-image-preview":"max-image-preview:large","max-video-preview":"max-video-preview:-1"},"canonical":"https:\/\/lajouvence.com\/fr\/terms-of-service\/","og_locale":"fr_FR","og_type":"article","og_title":"Conditions g\u00e9n\u00e9rales d'utilisation - Jouvence","og_description":"Derni\u00e8re mise \u00e0 jour: 14.12.2023 Le pr\u00e9sent document a pour objet de d\u00e9finir les modalit\u00e9s et conditions dans lesquelles d\u2019une part, JOUVENCE SA, ci-apr\u00e8s d\u00e9nomm\u00e9 l\u2019\u00c9DITEUR, met \u00e0 la disposition de ses utilisateurs le site, et les services disponibles sur le site et d\u2019autre part, la mani\u00e8re par laquelle l\u2019utilisateur acc\u00e8de au site et utilise [&hellip;]","og_url":"https:\/\/lajouvence.com\/fr\/terms-of-service\/","og_site_name":"Jouvence","article_modified_time":"2024-11-14T10:13:00+00:00","og_image":[{"width":1400,"height":768,"url":"https:\/\/lajouvence.com\/fr\/wp-content\/uploads\/2024\/10\/jouvence-hero.png","type":"image\/png"}],"twitter_card":"summary_large_image","twitter_misc":{"Dur\u00e9e de lecture estim\u00e9e":"6 minutes"},"schema":{"@context":"https:\/\/schema.org","@graph":[{"@type":"WebPage","@id":"https:\/\/lajouvence.com\/fr\/terms-of-service\/","url":"https:\/\/lajouvence.com\/fr\/terms-of-service\/","name":"Conditions g\u00e9n\u00e9rales d'utilisation - Jouvence","isPartOf":{"@id":"https:\/\/lajouvence.com\/fr\/#website"},"primaryImageOfPage":{"@id":"https:\/\/lajouvence.com\/fr\/terms-of-service\/#primaryimage"},"image":{"@id":"https:\/\/lajouvence.com\/fr\/terms-of-service\/#primaryimage"},"thumbnailUrl":"https:\/\/lajouvence.com\/fr\/wp-content\/uploads\/2024\/10\/jouvence-hero.png","datePublished":"2024-11-14T10:04:16+00:00","dateModified":"2024-11-14T10:13:00+00:00","breadcrumb":{"@id":"https:\/\/lajouvence.com\/fr\/terms-of-service\/#breadcrumb"},"inLanguage":"fr-FR","potentialAction":[{"@type":"ReadAction","target":["https:\/\/lajouvence.com\/fr\/terms-of-service\/"]}]},{"@type":"ImageObject","inLanguage":"fr-FR","@id":"https:\/\/lajouvence.com\/fr\/terms-of-service\/#primaryimage","url":"https:\/\/lajouvence.com\/fr\/wp-content\/uploads\/2024\/10\/jouvence-hero.png","contentUrl":"https:\/\/lajouvence.com\/fr\/wp-content\/uploads\/2024\/10\/jouvence-hero.png","width":1400,"height":768},{"@type":"BreadcrumbList","@id":"https:\/\/lajouvence.com\/fr\/terms-of-service\/#breadcrumb","itemListElement":[{"@type":"ListItem","position":1,"name":"Accueil","item":"https:\/\/lajouvence.com\/fr\/"},{"@type":"ListItem","position":2,"name":"Conditions g\u00e9n\u00e9rales d&#8217;utilisation"}]},{"@type":"WebSite","@id":"https:\/\/lajouvence.com\/fr\/#website","url":"https:\/\/lajouvence.com\/fr\/","name":"Jouvence","description":"Medical Aesthetic Clinic","publisher":{"@id":"https:\/\/lajouvence.com\/fr\/#organization"},"potentialAction":[{"@type":"SearchAction","target":{"@type":"EntryPoint","urlTemplate":"https:\/\/lajouvence.com\/fr\/?s={search_term_string}"},"query-input":{"@type":"PropertyValueSpecification","valueRequired":true,"valueName":"search_term_string"}}],"inLanguage":"fr-FR"},{"@type":"Organization","@id":"https:\/\/lajouvence.com\/fr\/#organization","name":"Jouvence","url":"https:\/\/lajouvence.com\/fr\/","logo":{"@type":"ImageObject","inLanguage":"fr-FR","@id":"https:\/\/lajouvence.com\/fr\/#\/schema\/logo\/image\/","url":"https:\/\/lajouvence.com\/fr\/wp-content\/uploads\/2024\/09\/favicon512x512.png","contentUrl":"https:\/\/lajouvence.com\/fr\/wp-content\/uploads\/2024\/09\/favicon512x512.png","width":512,"height":512,"caption":"Jouvence"},"image":{"@id":"https:\/\/lajouvence.com\/fr\/#\/schema\/logo\/image\/"}}]}},"_links":{"self":[{"href":"https:\/\/lajouvence.com\/fr\/wp-json\/wp\/v2\/pages\/445","targetHints":{"allow":["GET"]}}],"collection":[{"href":"https:\/\/lajouvence.com\/fr\/wp-json\/wp\/v2\/pages"}],"about":[{"href":"https:\/\/lajouvence.com\/fr\/wp-json\/wp\/v2\/types\/page"}],"author":[{"embeddable":true,"href":"https:\/\/lajouvence.com\/fr\/wp-json\/wp\/v2\/users\/1"}],"replies":[{"embeddable":true,"href":"https:\/\/lajouvence.com\/fr\/wp-json\/wp\/v2\/comments?post=445"}],"version-history":[{"count":1,"href":"https:\/\/lajouvence.com\/fr\/wp-json\/wp\/v2\/pages\/445\/revisions"}],"predecessor-version":[{"id":447,"href":"https:\/\/lajouvence.com\/fr\/wp-json\/wp\/v2\/pages\/445\/revisions\/447"}],"wp:featuredmedia":[{"embeddable":true,"href":"https:\/\/lajouvence.com\/fr\/wp-json\/wp\/v2\/media\/15"}],"wp:attachment":[{"href":"https:\/\/lajouvence.com\/fr\/wp-json\/wp\/v2\/media?parent=445"}],"curies":[{"name":"wp","href":"https:\/\/api.w.org\/{rel}","templated":true}]}}