{"id":442,"date":"2024-11-14T04:59:55","date_gmt":"2024-11-14T09:59:55","guid":{"rendered":"https:\/\/lajouvence.com\/?page_id=493"},"modified":"2024-11-14T11:10:52","modified_gmt":"2024-11-14T10:10:52","slug":"cookie-policy","status":"publish","type":"page","link":"https:\/\/lajouvence.com\/fr\/cookie-policy\/","title":{"rendered":"Politique en mati\u00e8re de cookies"},"content":{"rendered":"\n<p><strong>Derni\u00e8re mise \u00e0 jour: 14.12.2023<\/strong><\/p>\n\n\n\n<h2 class=\"wp-block-heading\">Qu&rsquo;entend-on par \u00abcookies\u00bb?<\/h2>\n\n\n\n<p>Un \u00abcookie\u00bb est un petit fichier texte que les sites web stockent sur votre ordinateur ou appareil mobile lorsque vous les consultez. Les cookies sont utilis\u00e9s par les d\u00e9veloppeurs web pour aider les utilisateurs \u00e0 naviguer sur leurs sites web de mani\u00e8re efficace et \u00e9 effectuer certaines actions.<\/p>\n\n\n\n<p>En raison de leur r\u00f4le essentiel pour am\u00e9liorer\/activer l&rsquo;utilisabilit\u00e9\/l&rsquo;ergonomie ou le traitement des sites, d\u00e9sactiver les cookies peut emp\u00eacher les utilisateurs d&rsquo;utiliser certains sites web.<\/p>\n\n\n\n<p>Les cookie peuvent \u00eatre de&nbsp;<strong>session<\/strong>&nbsp;et&nbsp;<strong>persistants<\/strong>. Les cookies persistants sont des cookies qui sont enregistr\u00e9s sur votre ordinateur et qui ne sont pas supprim\u00e9s automatiquement lorsque vous quittez votre navigateur, contrairement aux cookies de session, qui sont supprim\u00e9s lorsque vous le quittez.<\/p>\n\n\n\n<p>Nous utilisons deux types de cookies :<\/p>\n\n\n\n<ul class=\"wp-block-list\">\n<li>Les\u00a0<strong>cookies internes<\/strong>\u00a0ou \u00abfirst-party sont des cookies cr\u00e9\u00e9s par le site web que vous visitez. Seul ce site peut les lire et les utiliser.\u00a0<\/li>\n\n\n\n<li>Les\u00a0<strong>cookies tiers<\/strong>\u00a0ou \u00abthird-party\u00bb sont des cookies cr\u00e9es par des services externes (comme Google Analytics)<\/li>\n<\/ul>\n\n\n\n<p>Nous ne transmettons aucune de vos donn\u00e9es \u00e0 des tiers et nous n&rsquo;utilisons pas vos donn\u00e9es \u00e0 des fins commerciales.<\/p>\n\n\n\n<h2 class=\"wp-block-heading\">La liste des cookies utilis\u00e9s<\/h2>\n\n\n\n<p>Voici la liste d\u00e9taill\u00e9e des cookies que nous utilisons ainsi que leur utilit\u00e9 et dur\u00e9e de vie.<\/p>\n\n\n\n<h3 class=\"wp-block-heading\">Cookies techniquement n\u00e9cessaires pour le fonctionnement du site (toujours actifs)<\/h3>\n\n\n\n<figure class=\"wp-block-table\"><table class=\"has-fixed-layout\"><tbody><tr><td><strong>Nom<\/strong><\/td><td><strong>Type<\/strong><\/td><td><strong>Service \/ Objectif<\/strong><\/td><td><strong>Dur\u00e9e<\/strong><\/td><\/tr><tr><td>__cf_bm<\/td><td>tiers<\/td><td>Protege le site contre le trafic automatis\u00e9 des robots malveillants. Originaire du service&nbsp;<a href=\"https:\/\/developers.cloudflare.com\/fundamentals\/reference\/policies-compliances\/cloudflare-cookies\/#__cf_bm-cookie-for-cloudflare-bot-products\" target=\"_blank\" rel=\"noreferrer noopener\">Cloudflare<\/a>, cr\u00e9e quand on int\u00e9gre une vid\u00e9o depuis vimeo.com.<\/td><td>30 min<\/td><\/tr><tr><td>cookie-consent-status<\/td><td>interne<br><\/td><td>Stocke vos pr\u00e9f\u00e9rences en mati\u00e8re de cookies (afin qu\u2019on ne vous le demande plus).<\/td><td>365 jours<\/td><\/tr><tr><td>device<\/td><td>interne<\/td><td>D\u00e9tection de l&rsquo;appareil utilis\u00e9 par le visiteur. Ceci nous sert \u00e0 adapter la mise en page pour avoir le meilleur affichage possible.<\/td><td>Session<\/td><\/tr><tr><td>is-retina<\/td><td>interne<\/td><td>D\u00e9tecte si l&rsquo;appareil du visiteur est capable d&rsquo;afficher une d\u00e9finition sup\u00e9rieure<\/td><td>Session<\/td><\/tr><tr><td>jouvence_subscribe_opened<\/td><td>interne<\/td><td>D\u00e9tecter si la fen\u00eatre de la Newsletter \u00e0 \u00e9t\u00e9 ouverte (pour ne plus l&rsquo;afficher par la suite).<\/td><td>Session<\/td><\/tr><tr><td>viewport<\/td><td>interne<\/td><td>D\u00e9tecte la largeur de l&rsquo;appareil. Ceci nous sert \u00e0 adapter la mise en page pour avoir le meilleur affichage possible.<\/td><td>Session<\/td><\/tr><tr><td>PHPSESSID<\/td><td>interne<\/td><td>G\u00e9n\u00e9r\u00e9 par les applications bas\u00e9es sur le langage PHP. Il s&rsquo;agit d&rsquo;un identifiant \u00e0 usage g\u00e9n\u00e9ral utilis\u00e9 pour g\u00e9rer les variables de session utilisateur (par ex. la langue de l&rsquo;interface).<\/td><td>Session<\/td><\/tr><\/tbody><\/table><\/figure>\n\n\n\n<h3 class=\"wp-block-heading\">Cookies facultatifs pour am\u00e9liorer nos services (actifs seulement si vous accepter les cookies)<\/h3>\n\n\n\n<figure class=\"wp-block-table\"><table class=\"has-fixed-layout\"><tbody><tr><td><strong>Nom<\/strong><\/td><td><strong>Type<\/strong><\/td><td><strong>Service \/ Objectif<\/strong><\/td><td><strong>Dur\u00e9e<\/strong><\/td><\/tr><tr><td>_ga<\/td><td>tiers<\/td><td>Cr\u00e9e par Google Analytics. Utilis\u00e9 pour g\u00e9n\u00e9rer des donn\u00e9es statistiques sur la fa\u00e7on dont le visiteur utilise le site Web.<\/td><td>7 jours<\/td><\/tr><tr><td>_ga_[ID_DYNAMIQUE]<\/td><td>tiers<\/td><td>Cr\u00e9e par Google Analytics. Utilis\u00e9 pour g\u00e9n\u00e9rer des donn\u00e9es statistiques sur la fa\u00e7on dont le visiteur utilise le site Web.<\/td><td>7 jours<\/td><\/tr><\/tbody><\/table><\/figure>\n\n\n\n<h2 class=\"wp-block-heading\">Google analytics<\/h2>\n\n\n\n<p>\u00c0 cette date, les seuls&nbsp;<strong>cookies tiers<\/strong>&nbsp;que notre site utilise sont ceux de&nbsp;<a href=\"https:\/\/fr.wikipedia.org\/wiki\/Google_Analytics\" target=\"_blank\" rel=\"noreferrer noopener\">Google Analytics<\/a>, un outils d\u2019analyse d\u2019audience.<\/p>\n\n\n\n<p>Sch\u00e9matiquement, Google Analytics est un compteur de pages \u00e9volu\u00e9. Lorsqu\u2019un internaute consulte une de nos pages, l\u2019outil de statistiques comptabilise son affichage. Les rapports statistiques issus de cet outil aident \u00e0 faire \u00e9voluer qualitativement nos contenus. Ils ne contiennent aucune information contraire au respect de la sph\u00e8re priv\u00e9e.<\/p>\n\n\n\n<p><strong>Quelles donn\u00e9es sont r\u00e9colt\u00e9es et trait\u00e9es par Google Analytics?<\/strong><\/p>\n\n\n\n<p>La provenance g\u00e9ographique du visiteur, son adresse IP \u2013 de mani\u00e8re anonymis\u00e9e, la date de sa visite, la dur\u00e9e de sa visite, les pages consult\u00e9es, l\u2019encha\u00eenement des pages ainsi que des donn\u00e9es techniques sur le navigateur utilis\u00e9.<\/p>\n\n\n\n<p>Pour plus d\u2019informations sur le traitement effectu\u00e9 par Google et sur la r\u00e9glementation de confidentialit\u00e9 de Google Analytics :&nbsp;<a href=\"https:\/\/policies.google.com\/privacy?hl=fr-FR\" target=\"_blank\" rel=\"noreferrer noopener\">cliquez ici \u2197<\/a><\/p>\n\n\n\n<h2 class=\"wp-block-heading\">Contenu et liens externs<\/h2>\n\n\n\n<p>Certaines de nos pages affichent des contenus provenant de prestataires externes, comme Vimeo, ainsi que des liens vers de applications externes, comme Facebook ou Instagram.<\/p>\n\n\n\n<p>Pour visualiser ces contenus, vous devez d\u2019abord accepter les conditions particuli\u00e8res de ces prestataires. Il s\u2019agit notamment de leurs politiques en mati\u00e8re de cookies, qui \u00e9chappent \u00e0 notre contr\u00f4le.<\/p>\n\n\n\n<p>Toutefois, si vous ne visualisez pas ces contenus, aucun cookie tiers ne sera install\u00e9 sur votre appareil.<\/p>\n\n\n\n<p>Si vous voulez en savoir plus, voici les pages contenant la politique en mati\u00e8re de cookies de ces prestataires :<\/p>\n\n\n\n<ul class=\"wp-block-list\">\n<li><a href=\"https:\/\/vimeo.com\/cookie_policy\" target=\"_blank\" rel=\"noreferrer noopener\">Vimeo<\/a><\/li>\n\n\n\n<li><a href=\"https:\/\/privacycenter.instagram.com\/policies\/cookies\/\" target=\"_blank\" rel=\"noreferrer noopener\">Instagram<\/a><\/li>\n\n\n\n<li><a href=\"https:\/\/www.facebook.com\/privacy\/policies\/cookies\/\" target=\"_blank\" rel=\"noreferrer noopener\">Facebook<\/a><\/li>\n\n\n\n<li><a href=\"https:\/\/www.whatsapp.com\/legal\/cookies?lang=fr\" target=\"_blank\" rel=\"noreferrer noopener\">WhatsApp<\/a><\/li>\n<\/ul>\n\n\n\n<h2 class=\"wp-block-heading\">Comment g\u00e9rer les cookies?<\/h2>\n\n\n\n<p><strong>Supprimer les cookies sur votre appareil<\/strong><\/p>\n\n\n\n<p>Vous pouvez supprimer tous les cookies qui se trouvent d\u00e9j\u00e0 sur votre appareil en effa\u00e7ant l\u2019historique de navigation de votre navigateur. Tous les cookies des sites que vous avez visit\u00e9s seront ainsi supprim\u00e9s.<\/p>\n\n\n\n<p>Sachez toutefois que vous risquez de perdre certaines informations sauvegard\u00e9es (telles que les informations de connexion ou les pr\u00e9f\u00e9rences relatives aux sites).<\/p>\n\n\n\n<p><strong>Bloquer les cookies<\/strong><\/p>\n\n\n\n<p>La plupart des navigateurs modernes peuvent \u00eatre configur\u00e9s de mani\u00e8re \u00e0 emp\u00eacher l\u2019enregistrement de cookies sur votre appareil, mais vous risquez alors de devoir indiquer certaines de vos pr\u00e9f\u00e9rences \u00e0 chaque visite d\u2019un site\/d\u2019une page. Par ailleurs, certains services et fonctionnalit\u00e9s pourraient ne pas \u00eatre disponibles.<\/p>\n","protected":false},"excerpt":{"rendered":"<p>Derni\u00e8re mise \u00e0 jour: 14.12.2023 Qu&rsquo;entend-on par \u00abcookies\u00bb? Un \u00abcookie\u00bb est un petit fichier texte que les sites web stockent sur votre ordinateur ou appareil mobile lorsque vous les consultez. Les cookies sont utilis\u00e9s par les d\u00e9veloppeurs web pour aider les utilisateurs \u00e0 naviguer sur leurs sites web de mani\u00e8re efficace et \u00e9 effectuer certaines [&hellip;]<\/p>\n","protected":false},"author":1,"featured_media":15,"parent":0,"menu_order":0,"comment_status":"closed","ping_status":"closed","template":"page-blank.php","meta":{"_acf_changed":false,"inline_featured_image":false,"footnotes":""},"class_list":["post-442","page","type-page","status-publish","has-post-thumbnail","hentry"],"acf":[],"yoast_head":"<!-- This site is optimized with the Yoast SEO plugin v27.4 - https:\/\/yoast.com\/product\/yoast-seo-wordpress\/ -->\n<title>Politique en mati\u00e8re de cookies - Jouvence<\/title>\n<meta name=\"robots\" content=\"index, follow, max-snippet:-1, max-image-preview:large, max-video-preview:-1\" \/>\n<link rel=\"canonical\" href=\"https:\/\/lajouvence.com\/fr\/cookie-policy\/\" \/>\n<meta property=\"og:locale\" content=\"fr_FR\" \/>\n<meta property=\"og:type\" content=\"article\" \/>\n<meta property=\"og:title\" content=\"Politique en mati\u00e8re de cookies - Jouvence\" \/>\n<meta property=\"og:description\" content=\"Derni\u00e8re mise \u00e0 jour: 14.12.2023 Qu&rsquo;entend-on par \u00abcookies\u00bb? Un \u00abcookie\u00bb est un petit fichier texte que les sites web stockent sur votre ordinateur ou appareil mobile lorsque vous les consultez. Les cookies sont utilis\u00e9s par les d\u00e9veloppeurs web pour aider les utilisateurs \u00e0 naviguer sur leurs sites web de mani\u00e8re efficace et \u00e9 effectuer certaines [&hellip;]\" \/>\n<meta property=\"og:url\" content=\"https:\/\/lajouvence.com\/fr\/cookie-policy\/\" \/>\n<meta property=\"og:site_name\" content=\"Jouvence\" \/>\n<meta property=\"article:modified_time\" content=\"2024-11-14T10:10:52+00:00\" \/>\n<meta property=\"og:image\" content=\"https:\/\/lajouvence.com\/fr\/wp-content\/uploads\/2024\/10\/jouvence-hero.png\" \/>\n\t<meta property=\"og:image:width\" content=\"1400\" \/>\n\t<meta property=\"og:image:height\" content=\"768\" \/>\n\t<meta property=\"og:image:type\" content=\"image\/png\" \/>\n<meta name=\"twitter:card\" content=\"summary_large_image\" \/>\n<meta name=\"twitter:label1\" content=\"Dur\u00e9e de lecture estim\u00e9e\" \/>\n\t<meta name=\"twitter:data1\" content=\"5 minutes\" \/>\n<script type=\"application\/ld+json\" class=\"yoast-schema-graph\">{\"@context\":\"https:\\\/\\\/schema.org\",\"@graph\":[{\"@type\":\"WebPage\",\"@id\":\"https:\\\/\\\/lajouvence.com\\\/fr\\\/cookie-policy\\\/\",\"url\":\"https:\\\/\\\/lajouvence.com\\\/fr\\\/cookie-policy\\\/\",\"name\":\"Politique en mati\u00e8re de cookies - Jouvence\",\"isPartOf\":{\"@id\":\"https:\\\/\\\/lajouvence.com\\\/fr\\\/#website\"},\"primaryImageOfPage\":{\"@id\":\"https:\\\/\\\/lajouvence.com\\\/fr\\\/cookie-policy\\\/#primaryimage\"},\"image\":{\"@id\":\"https:\\\/\\\/lajouvence.com\\\/fr\\\/cookie-policy\\\/#primaryimage\"},\"thumbnailUrl\":\"https:\\\/\\\/lajouvence.com\\\/fr\\\/wp-content\\\/uploads\\\/2024\\\/10\\\/jouvence-hero.png\",\"datePublished\":\"2024-11-14T09:59:55+00:00\",\"dateModified\":\"2024-11-14T10:10:52+00:00\",\"breadcrumb\":{\"@id\":\"https:\\\/\\\/lajouvence.com\\\/fr\\\/cookie-policy\\\/#breadcrumb\"},\"inLanguage\":\"fr-FR\",\"potentialAction\":[{\"@type\":\"ReadAction\",\"target\":[\"https:\\\/\\\/lajouvence.com\\\/fr\\\/cookie-policy\\\/\"]}]},{\"@type\":\"ImageObject\",\"inLanguage\":\"fr-FR\",\"@id\":\"https:\\\/\\\/lajouvence.com\\\/fr\\\/cookie-policy\\\/#primaryimage\",\"url\":\"https:\\\/\\\/lajouvence.com\\\/fr\\\/wp-content\\\/uploads\\\/2024\\\/10\\\/jouvence-hero.png\",\"contentUrl\":\"https:\\\/\\\/lajouvence.com\\\/fr\\\/wp-content\\\/uploads\\\/2024\\\/10\\\/jouvence-hero.png\",\"width\":1400,\"height\":768},{\"@type\":\"BreadcrumbList\",\"@id\":\"https:\\\/\\\/lajouvence.com\\\/fr\\\/cookie-policy\\\/#breadcrumb\",\"itemListElement\":[{\"@type\":\"ListItem\",\"position\":1,\"name\":\"Accueil\",\"item\":\"https:\\\/\\\/lajouvence.com\\\/fr\\\/\"},{\"@type\":\"ListItem\",\"position\":2,\"name\":\"Politique en mati\u00e8re de cookies\"}]},{\"@type\":\"WebSite\",\"@id\":\"https:\\\/\\\/lajouvence.com\\\/fr\\\/#website\",\"url\":\"https:\\\/\\\/lajouvence.com\\\/fr\\\/\",\"name\":\"Jouvence\",\"description\":\"Medical Aesthetic Clinic\",\"publisher\":{\"@id\":\"https:\\\/\\\/lajouvence.com\\\/fr\\\/#organization\"},\"potentialAction\":[{\"@type\":\"SearchAction\",\"target\":{\"@type\":\"EntryPoint\",\"urlTemplate\":\"https:\\\/\\\/lajouvence.com\\\/fr\\\/?s={search_term_string}\"},\"query-input\":{\"@type\":\"PropertyValueSpecification\",\"valueRequired\":true,\"valueName\":\"search_term_string\"}}],\"inLanguage\":\"fr-FR\"},{\"@type\":\"Organization\",\"@id\":\"https:\\\/\\\/lajouvence.com\\\/fr\\\/#organization\",\"name\":\"Jouvence\",\"url\":\"https:\\\/\\\/lajouvence.com\\\/fr\\\/\",\"logo\":{\"@type\":\"ImageObject\",\"inLanguage\":\"fr-FR\",\"@id\":\"https:\\\/\\\/lajouvence.com\\\/fr\\\/#\\\/schema\\\/logo\\\/image\\\/\",\"url\":\"https:\\\/\\\/lajouvence.com\\\/fr\\\/wp-content\\\/uploads\\\/2024\\\/09\\\/favicon512x512.png\",\"contentUrl\":\"https:\\\/\\\/lajouvence.com\\\/fr\\\/wp-content\\\/uploads\\\/2024\\\/09\\\/favicon512x512.png\",\"width\":512,\"height\":512,\"caption\":\"Jouvence\"},\"image\":{\"@id\":\"https:\\\/\\\/lajouvence.com\\\/fr\\\/#\\\/schema\\\/logo\\\/image\\\/\"}}]}<\/script>\n<!-- \/ Yoast SEO plugin. -->","yoast_head_json":{"title":"Politique en mati\u00e8re de cookies - Jouvence","robots":{"index":"index","follow":"follow","max-snippet":"max-snippet:-1","max-image-preview":"max-image-preview:large","max-video-preview":"max-video-preview:-1"},"canonical":"https:\/\/lajouvence.com\/fr\/cookie-policy\/","og_locale":"fr_FR","og_type":"article","og_title":"Politique en mati\u00e8re de cookies - Jouvence","og_description":"Derni\u00e8re mise \u00e0 jour: 14.12.2023 Qu&rsquo;entend-on par \u00abcookies\u00bb? Un \u00abcookie\u00bb est un petit fichier texte que les sites web stockent sur votre ordinateur ou appareil mobile lorsque vous les consultez. Les cookies sont utilis\u00e9s par les d\u00e9veloppeurs web pour aider les utilisateurs \u00e0 naviguer sur leurs sites web de mani\u00e8re efficace et \u00e9 effectuer certaines [&hellip;]","og_url":"https:\/\/lajouvence.com\/fr\/cookie-policy\/","og_site_name":"Jouvence","article_modified_time":"2024-11-14T10:10:52+00:00","og_image":[{"width":1400,"height":768,"url":"https:\/\/lajouvence.com\/fr\/wp-content\/uploads\/2024\/10\/jouvence-hero.png","type":"image\/png"}],"twitter_card":"summary_large_image","twitter_misc":{"Dur\u00e9e de lecture estim\u00e9e":"5 minutes"},"schema":{"@context":"https:\/\/schema.org","@graph":[{"@type":"WebPage","@id":"https:\/\/lajouvence.com\/fr\/cookie-policy\/","url":"https:\/\/lajouvence.com\/fr\/cookie-policy\/","name":"Politique en mati\u00e8re de cookies - Jouvence","isPartOf":{"@id":"https:\/\/lajouvence.com\/fr\/#website"},"primaryImageOfPage":{"@id":"https:\/\/lajouvence.com\/fr\/cookie-policy\/#primaryimage"},"image":{"@id":"https:\/\/lajouvence.com\/fr\/cookie-policy\/#primaryimage"},"thumbnailUrl":"https:\/\/lajouvence.com\/fr\/wp-content\/uploads\/2024\/10\/jouvence-hero.png","datePublished":"2024-11-14T09:59:55+00:00","dateModified":"2024-11-14T10:10:52+00:00","breadcrumb":{"@id":"https:\/\/lajouvence.com\/fr\/cookie-policy\/#breadcrumb"},"inLanguage":"fr-FR","potentialAction":[{"@type":"ReadAction","target":["https:\/\/lajouvence.com\/fr\/cookie-policy\/"]}]},{"@type":"ImageObject","inLanguage":"fr-FR","@id":"https:\/\/lajouvence.com\/fr\/cookie-policy\/#primaryimage","url":"https:\/\/lajouvence.com\/fr\/wp-content\/uploads\/2024\/10\/jouvence-hero.png","contentUrl":"https:\/\/lajouvence.com\/fr\/wp-content\/uploads\/2024\/10\/jouvence-hero.png","width":1400,"height":768},{"@type":"BreadcrumbList","@id":"https:\/\/lajouvence.com\/fr\/cookie-policy\/#breadcrumb","itemListElement":[{"@type":"ListItem","position":1,"name":"Accueil","item":"https:\/\/lajouvence.com\/fr\/"},{"@type":"ListItem","position":2,"name":"Politique en mati\u00e8re de cookies"}]},{"@type":"WebSite","@id":"https:\/\/lajouvence.com\/fr\/#website","url":"https:\/\/lajouvence.com\/fr\/","name":"Jouvence","description":"Medical Aesthetic Clinic","publisher":{"@id":"https:\/\/lajouvence.com\/fr\/#organization"},"potentialAction":[{"@type":"SearchAction","target":{"@type":"EntryPoint","urlTemplate":"https:\/\/lajouvence.com\/fr\/?s={search_term_string}"},"query-input":{"@type":"PropertyValueSpecification","valueRequired":true,"valueName":"search_term_string"}}],"inLanguage":"fr-FR"},{"@type":"Organization","@id":"https:\/\/lajouvence.com\/fr\/#organization","name":"Jouvence","url":"https:\/\/lajouvence.com\/fr\/","logo":{"@type":"ImageObject","inLanguage":"fr-FR","@id":"https:\/\/lajouvence.com\/fr\/#\/schema\/logo\/image\/","url":"https:\/\/lajouvence.com\/fr\/wp-content\/uploads\/2024\/09\/favicon512x512.png","contentUrl":"https:\/\/lajouvence.com\/fr\/wp-content\/uploads\/2024\/09\/favicon512x512.png","width":512,"height":512,"caption":"Jouvence"},"image":{"@id":"https:\/\/lajouvence.com\/fr\/#\/schema\/logo\/image\/"}}]}},"_links":{"self":[{"href":"https:\/\/lajouvence.com\/fr\/wp-json\/wp\/v2\/pages\/442","targetHints":{"allow":["GET"]}}],"collection":[{"href":"https:\/\/lajouvence.com\/fr\/wp-json\/wp\/v2\/pages"}],"about":[{"href":"https:\/\/lajouvence.com\/fr\/wp-json\/wp\/v2\/types\/page"}],"author":[{"embeddable":true,"href":"https:\/\/lajouvence.com\/fr\/wp-json\/wp\/v2\/users\/1"}],"replies":[{"embeddable":true,"href":"https:\/\/lajouvence.com\/fr\/wp-json\/wp\/v2\/comments?post=442"}],"version-history":[{"count":1,"href":"https:\/\/lajouvence.com\/fr\/wp-json\/wp\/v2\/pages\/442\/revisions"}],"predecessor-version":[{"id":444,"href":"https:\/\/lajouvence.com\/fr\/wp-json\/wp\/v2\/pages\/442\/revisions\/444"}],"wp:featuredmedia":[{"embeddable":true,"href":"https:\/\/lajouvence.com\/fr\/wp-json\/wp\/v2\/media\/15"}],"wp:attachment":[{"href":"https:\/\/lajouvence.com\/fr\/wp-json\/wp\/v2\/media?parent=442"}],"curies":[{"name":"wp","href":"https:\/\/api.w.org\/{rel}","templated":true}]}}