{"id":23,"date":"2024-10-09T04:33:24","date_gmt":"2024-10-09T08:33:24","guid":{"rendered":"https:\/\/lajouvence.com\/?page_id=19"},"modified":"2026-01-30T16:20:22","modified_gmt":"2026-01-30T15:20:22","slug":"about-us","status":"publish","type":"page","link":"https:\/\/lajouvence.com\/fr\/about-us\/","title":{"rendered":"\u00c0 propos de nous"},"content":{"rendered":"\n<h2 class=\"wp-block-heading\">N\u00e9e d\u2019une passion pour offrir des soins d\u2019exception \u00e0 nos patients<\/h2>\n\n\n\n<p>Fond\u00e9e par la Dre Marva Safa en 2004, Jouvence repose sur la philosophie du \u00ab bien vieillir \u00bb \u2013 une approche selon laquelle la v\u00e9ritable beaut\u00e9 ne consiste pas \u00e0 d\u00e9fier le temps, mais \u00e0 l\u2019accepter avec gr\u00e2ce et confiance. Cette vision implique de travailler en harmonie avec M\u00e8re Nature, en \u00e9coutant votre corps, en respectant sa biologie propre ainsi qu&rsquo;en adoptant des pratiques conscientes pour pr\u00e9server la sant\u00e9, l\u2019\u00e9clat et l\u2019\u00e9quilibre.<\/p>\n\n\n\n<p>Une compr\u00e9hension approfondie de votre mode de vie, de votre bien-\u00eatre \u00e9motionnel et de vos objectifs personnels nous aide \u00e0 aborder chaque aspect de votre sant\u00e9 aussi bien int\u00e9rieur qu\u2019ext\u00e9rieur.<br>Ainsi nous pouvons ensemble obtenir des r\u00e9sultats durables et significatifs.<\/p>\n\n\n\n<p>Sp\u00e9cialis\u00e9s dans les soins de rajeunissement cutan\u00e9 et les proc\u00e9dures d&rsquo;esth\u00e9tique m\u00e9dicale, nous mettons l&rsquo;accent sur la sant\u00e9 de la peau et le bien-\u00eatre psychologique. Reconnus pour notre excellence technique et la qualit\u00e9 exceptionnelle de nos soins, nous pla\u00e7ons toujours les besoins de nos patients au centre de notre d\u00e9marche.<\/p>\n\n\n\n<p><\/p>\n","protected":false},"excerpt":{"rendered":"<p>N\u00e9e d\u2019une passion pour offrir des soins d\u2019exception \u00e0 nos patients Fond\u00e9e par la Dre Marva Safa en 2004, Jouvence repose sur la philosophie du \u00ab bien vieillir \u00bb \u2013 une approche selon laquelle la v\u00e9ritable beaut\u00e9 ne consiste pas \u00e0 d\u00e9fier le temps, mais \u00e0 l\u2019accepter avec gr\u00e2ce et confiance. Cette vision implique de [&hellip;]<\/p>\n","protected":false},"author":1,"featured_media":25,"parent":0,"menu_order":0,"comment_status":"closed","ping_status":"closed","template":"","meta":{"_acf_changed":false,"inline_featured_image":false,"footnotes":""},"class_list":["post-23","page","type-page","status-publish","has-post-thumbnail","hentry"],"acf":[],"yoast_head":"<!-- This site is optimized with the Yoast SEO plugin v27.3 - https:\/\/yoast.com\/product\/yoast-seo-wordpress\/ -->\n<title>\u00c0 propos de nous - Jouvence<\/title>\n<meta name=\"robots\" content=\"index, follow, max-snippet:-1, max-image-preview:large, max-video-preview:-1\" \/>\n<link rel=\"canonical\" href=\"https:\/\/lajouvence.com\/fr\/about-us\/\" \/>\n<meta property=\"og:locale\" content=\"fr_FR\" \/>\n<meta property=\"og:type\" content=\"article\" \/>\n<meta property=\"og:title\" content=\"\u00c0 propos de nous - Jouvence\" \/>\n<meta property=\"og:description\" content=\"N\u00e9e d\u2019une passion pour offrir des soins d\u2019exception \u00e0 nos patients Fond\u00e9e par la Dre Marva Safa en 2004, Jouvence repose sur la philosophie du \u00ab bien vieillir \u00bb \u2013 une approche selon laquelle la v\u00e9ritable beaut\u00e9 ne consiste pas \u00e0 d\u00e9fier le temps, mais \u00e0 l\u2019accepter avec gr\u00e2ce et confiance. Cette vision implique de [&hellip;]\" \/>\n<meta property=\"og:url\" content=\"https:\/\/lajouvence.com\/fr\/about-us\/\" \/>\n<meta property=\"og:site_name\" content=\"Jouvence\" \/>\n<meta property=\"article:modified_time\" content=\"2026-01-30T15:20:22+00:00\" \/>\n<meta property=\"og:image\" content=\"https:\/\/lajouvence.com\/fr\/wp-content\/uploads\/2024\/10\/about-us-hero.png\" \/>\n\t<meta property=\"og:image:width\" content=\"1400\" \/>\n\t<meta property=\"og:image:height\" content=\"680\" \/>\n\t<meta property=\"og:image:type\" content=\"image\/png\" \/>\n<meta name=\"twitter:card\" content=\"summary_large_image\" \/>\n<meta name=\"twitter:label1\" content=\"Dur\u00e9e de lecture estim\u00e9e\" \/>\n\t<meta name=\"twitter:data1\" content=\"12 minutes\" \/>\n<script type=\"application\/ld+json\" class=\"yoast-schema-graph\">{\"@context\":\"https:\\\/\\\/schema.org\",\"@graph\":[{\"@type\":\"WebPage\",\"@id\":\"https:\\\/\\\/lajouvence.com\\\/fr\\\/about-us\\\/\",\"url\":\"https:\\\/\\\/lajouvence.com\\\/fr\\\/about-us\\\/\",\"name\":\"\u00c0 propos de nous - Jouvence\",\"isPartOf\":{\"@id\":\"https:\\\/\\\/lajouvence.com\\\/fr\\\/#website\"},\"primaryImageOfPage\":{\"@id\":\"https:\\\/\\\/lajouvence.com\\\/fr\\\/about-us\\\/#primaryimage\"},\"image\":{\"@id\":\"https:\\\/\\\/lajouvence.com\\\/fr\\\/about-us\\\/#primaryimage\"},\"thumbnailUrl\":\"https:\\\/\\\/lajouvence.com\\\/fr\\\/wp-content\\\/uploads\\\/2024\\\/10\\\/about-us-hero.png\",\"datePublished\":\"2024-10-09T08:33:24+00:00\",\"dateModified\":\"2026-01-30T15:20:22+00:00\",\"breadcrumb\":{\"@id\":\"https:\\\/\\\/lajouvence.com\\\/fr\\\/about-us\\\/#breadcrumb\"},\"inLanguage\":\"fr-FR\",\"potentialAction\":[{\"@type\":\"ReadAction\",\"target\":[\"https:\\\/\\\/lajouvence.com\\\/fr\\\/about-us\\\/\"]}]},{\"@type\":\"ImageObject\",\"inLanguage\":\"fr-FR\",\"@id\":\"https:\\\/\\\/lajouvence.com\\\/fr\\\/about-us\\\/#primaryimage\",\"url\":\"https:\\\/\\\/lajouvence.com\\\/fr\\\/wp-content\\\/uploads\\\/2024\\\/10\\\/about-us-hero.png\",\"contentUrl\":\"https:\\\/\\\/lajouvence.com\\\/fr\\\/wp-content\\\/uploads\\\/2024\\\/10\\\/about-us-hero.png\",\"width\":1400,\"height\":680},{\"@type\":\"BreadcrumbList\",\"@id\":\"https:\\\/\\\/lajouvence.com\\\/fr\\\/about-us\\\/#breadcrumb\",\"itemListElement\":[{\"@type\":\"ListItem\",\"position\":1,\"name\":\"Accueil\",\"item\":\"https:\\\/\\\/lajouvence.com\\\/fr\\\/\"},{\"@type\":\"ListItem\",\"position\":2,\"name\":\"\u00c0 propos de nous\"}]},{\"@type\":\"WebSite\",\"@id\":\"https:\\\/\\\/lajouvence.com\\\/fr\\\/#website\",\"url\":\"https:\\\/\\\/lajouvence.com\\\/fr\\\/\",\"name\":\"Jouvence\",\"description\":\"Medical Aesthetic Clinic\",\"publisher\":{\"@id\":\"https:\\\/\\\/lajouvence.com\\\/fr\\\/#organization\"},\"potentialAction\":[{\"@type\":\"SearchAction\",\"target\":{\"@type\":\"EntryPoint\",\"urlTemplate\":\"https:\\\/\\\/lajouvence.com\\\/fr\\\/?s={search_term_string}\"},\"query-input\":{\"@type\":\"PropertyValueSpecification\",\"valueRequired\":true,\"valueName\":\"search_term_string\"}}],\"inLanguage\":\"fr-FR\"},{\"@type\":\"Organization\",\"@id\":\"https:\\\/\\\/lajouvence.com\\\/fr\\\/#organization\",\"name\":\"Jouvence\",\"url\":\"https:\\\/\\\/lajouvence.com\\\/fr\\\/\",\"logo\":{\"@type\":\"ImageObject\",\"inLanguage\":\"fr-FR\",\"@id\":\"https:\\\/\\\/lajouvence.com\\\/fr\\\/#\\\/schema\\\/logo\\\/image\\\/\",\"url\":\"https:\\\/\\\/lajouvence.com\\\/fr\\\/wp-content\\\/uploads\\\/2024\\\/09\\\/favicon512x512.png\",\"contentUrl\":\"https:\\\/\\\/lajouvence.com\\\/fr\\\/wp-content\\\/uploads\\\/2024\\\/09\\\/favicon512x512.png\",\"width\":512,\"height\":512,\"caption\":\"Jouvence\"},\"image\":{\"@id\":\"https:\\\/\\\/lajouvence.com\\\/fr\\\/#\\\/schema\\\/logo\\\/image\\\/\"}}]}<\/script>\n<!-- \/ Yoast SEO plugin. -->","yoast_head_json":{"title":"\u00c0 propos de nous - Jouvence","robots":{"index":"index","follow":"follow","max-snippet":"max-snippet:-1","max-image-preview":"max-image-preview:large","max-video-preview":"max-video-preview:-1"},"canonical":"https:\/\/lajouvence.com\/fr\/about-us\/","og_locale":"fr_FR","og_type":"article","og_title":"\u00c0 propos de nous - Jouvence","og_description":"N\u00e9e d\u2019une passion pour offrir des soins d\u2019exception \u00e0 nos patients Fond\u00e9e par la Dre Marva Safa en 2004, Jouvence repose sur la philosophie du \u00ab bien vieillir \u00bb \u2013 une approche selon laquelle la v\u00e9ritable beaut\u00e9 ne consiste pas \u00e0 d\u00e9fier le temps, mais \u00e0 l\u2019accepter avec gr\u00e2ce et confiance. Cette vision implique de [&hellip;]","og_url":"https:\/\/lajouvence.com\/fr\/about-us\/","og_site_name":"Jouvence","article_modified_time":"2026-01-30T15:20:22+00:00","og_image":[{"width":1400,"height":680,"url":"https:\/\/lajouvence.com\/fr\/wp-content\/uploads\/2024\/10\/about-us-hero.png","type":"image\/png"}],"twitter_card":"summary_large_image","twitter_misc":{"Dur\u00e9e de lecture estim\u00e9e":"12 minutes"},"schema":{"@context":"https:\/\/schema.org","@graph":[{"@type":"WebPage","@id":"https:\/\/lajouvence.com\/fr\/about-us\/","url":"https:\/\/lajouvence.com\/fr\/about-us\/","name":"\u00c0 propos de nous - Jouvence","isPartOf":{"@id":"https:\/\/lajouvence.com\/fr\/#website"},"primaryImageOfPage":{"@id":"https:\/\/lajouvence.com\/fr\/about-us\/#primaryimage"},"image":{"@id":"https:\/\/lajouvence.com\/fr\/about-us\/#primaryimage"},"thumbnailUrl":"https:\/\/lajouvence.com\/fr\/wp-content\/uploads\/2024\/10\/about-us-hero.png","datePublished":"2024-10-09T08:33:24+00:00","dateModified":"2026-01-30T15:20:22+00:00","breadcrumb":{"@id":"https:\/\/lajouvence.com\/fr\/about-us\/#breadcrumb"},"inLanguage":"fr-FR","potentialAction":[{"@type":"ReadAction","target":["https:\/\/lajouvence.com\/fr\/about-us\/"]}]},{"@type":"ImageObject","inLanguage":"fr-FR","@id":"https:\/\/lajouvence.com\/fr\/about-us\/#primaryimage","url":"https:\/\/lajouvence.com\/fr\/wp-content\/uploads\/2024\/10\/about-us-hero.png","contentUrl":"https:\/\/lajouvence.com\/fr\/wp-content\/uploads\/2024\/10\/about-us-hero.png","width":1400,"height":680},{"@type":"BreadcrumbList","@id":"https:\/\/lajouvence.com\/fr\/about-us\/#breadcrumb","itemListElement":[{"@type":"ListItem","position":1,"name":"Accueil","item":"https:\/\/lajouvence.com\/fr\/"},{"@type":"ListItem","position":2,"name":"\u00c0 propos de nous"}]},{"@type":"WebSite","@id":"https:\/\/lajouvence.com\/fr\/#website","url":"https:\/\/lajouvence.com\/fr\/","name":"Jouvence","description":"Medical Aesthetic Clinic","publisher":{"@id":"https:\/\/lajouvence.com\/fr\/#organization"},"potentialAction":[{"@type":"SearchAction","target":{"@type":"EntryPoint","urlTemplate":"https:\/\/lajouvence.com\/fr\/?s={search_term_string}"},"query-input":{"@type":"PropertyValueSpecification","valueRequired":true,"valueName":"search_term_string"}}],"inLanguage":"fr-FR"},{"@type":"Organization","@id":"https:\/\/lajouvence.com\/fr\/#organization","name":"Jouvence","url":"https:\/\/lajouvence.com\/fr\/","logo":{"@type":"ImageObject","inLanguage":"fr-FR","@id":"https:\/\/lajouvence.com\/fr\/#\/schema\/logo\/image\/","url":"https:\/\/lajouvence.com\/fr\/wp-content\/uploads\/2024\/09\/favicon512x512.png","contentUrl":"https:\/\/lajouvence.com\/fr\/wp-content\/uploads\/2024\/09\/favicon512x512.png","width":512,"height":512,"caption":"Jouvence"},"image":{"@id":"https:\/\/lajouvence.com\/fr\/#\/schema\/logo\/image\/"}}]}},"_links":{"self":[{"href":"https:\/\/lajouvence.com\/fr\/wp-json\/wp\/v2\/pages\/23","targetHints":{"allow":["GET"]}}],"collection":[{"href":"https:\/\/lajouvence.com\/fr\/wp-json\/wp\/v2\/pages"}],"about":[{"href":"https:\/\/lajouvence.com\/fr\/wp-json\/wp\/v2\/types\/page"}],"author":[{"embeddable":true,"href":"https:\/\/lajouvence.com\/fr\/wp-json\/wp\/v2\/users\/1"}],"replies":[{"embeddable":true,"href":"https:\/\/lajouvence.com\/fr\/wp-json\/wp\/v2\/comments?post=23"}],"version-history":[{"count":44,"href":"https:\/\/lajouvence.com\/fr\/wp-json\/wp\/v2\/pages\/23\/revisions"}],"predecessor-version":[{"id":764,"href":"https:\/\/lajouvence.com\/fr\/wp-json\/wp\/v2\/pages\/23\/revisions\/764"}],"wp:featuredmedia":[{"embeddable":true,"href":"https:\/\/lajouvence.com\/fr\/wp-json\/wp\/v2\/media\/25"}],"wp:attachment":[{"href":"https:\/\/lajouvence.com\/fr\/wp-json\/wp\/v2\/media?parent=23"}],"curies":[{"name":"wp","href":"https:\/\/api.w.org\/{rel}","templated":true}]}}