{"id":187,"date":"2024-10-09T04:35:33","date_gmt":"2024-10-09T08:35:33","guid":{"rendered":"https:\/\/lajouvence.com\/?page_id=25"},"modified":"2025-12-11T12:01:02","modified_gmt":"2025-12-11T11:01:02","slug":"contact-us","status":"publish","type":"page","link":"https:\/\/lajouvence.com\/fr\/contact-us\/","title":{"rendered":"Contactez-nous"},"content":{"rendered":"\n<h2 class=\"wp-block-heading\">D\u00e9couvrez les potentiels de nos traitements, pour une peau plus saine et naturelle<\/h2>\n\n\n\n<p>La beaut\u00e9 commence de l\u2019int\u00e9rieur et se r\u00e9v\u00e8le \u00e0 travers nos soins, con\u00e7us pour sublimer votre \u00e9clat naturel tout en renfor\u00e7ant votre bien-\u00eatre global. Gr\u00e2ce \u00e0 notre expertise<br>m\u00e9dicale et \u00e0 un accompagnement sur mesure, nous vous offrons une exp\u00e9rience<br>focalis\u00e9e sur vos besoins uniques.<br>Vous constaterez que notre approche est toujours holistique, combinant la derni\u00e8re technologie m\u00e9dicale avec des niveaux exceptionnels de soins personnalis\u00e9s qui nous distinguent.<\/p>\n\n\n\n<p>Quels que soient vos besoins, vos d\u00e9sirs, vos d\u00e9fis ou vos pr\u00e9occupations n\u2019h\u00e9sitez pas \u00e0 nous contacter d\u00e8s aujourd\u2019hui pour savoir comment nous pouvons vous aider \u00e0 franchir la prochaine \u00e9tape de votre parcours\u2026<\/p>\n\n\n\n<p>Nous sommes l\u00e0 pour vous aider \u00e0 comprendre comment sublimer votre apparence et vous sentir v\u00e9ritablement \u00e9panoui.<\/p>\n\n\n\n<p><\/p>\n","protected":false},"excerpt":{"rendered":"<p>D\u00e9couvrez les potentiels de nos traitements, pour une peau plus saine et naturelle La beaut\u00e9 commence de l\u2019int\u00e9rieur et se r\u00e9v\u00e8le \u00e0 travers nos soins, con\u00e7us pour sublimer votre \u00e9clat naturel tout en renfor\u00e7ant votre bien-\u00eatre global. Gr\u00e2ce \u00e0 notre expertisem\u00e9dicale et \u00e0 un accompagnement sur mesure, nous vous offrons une exp\u00e9riencefocalis\u00e9e sur vos besoins [&hellip;]<\/p>\n","protected":false},"author":1,"featured_media":86,"parent":0,"menu_order":0,"comment_status":"closed","ping_status":"closed","template":"","meta":{"_acf_changed":false,"inline_featured_image":false,"footnotes":""},"class_list":["post-187","page","type-page","status-publish","has-post-thumbnail","hentry"],"acf":[],"yoast_head":"<!-- This site is optimized with the Yoast SEO plugin v27.3 - https:\/\/yoast.com\/product\/yoast-seo-wordpress\/ -->\n<title>Contactez-nous - Jouvence<\/title>\n<meta name=\"robots\" content=\"index, follow, max-snippet:-1, max-image-preview:large, max-video-preview:-1\" \/>\n<link rel=\"canonical\" href=\"https:\/\/lajouvence.com\/fr\/contact-us\/\" \/>\n<meta property=\"og:locale\" content=\"fr_FR\" \/>\n<meta property=\"og:type\" content=\"article\" \/>\n<meta property=\"og:title\" content=\"Contactez-nous - Jouvence\" \/>\n<meta property=\"og:description\" content=\"D\u00e9couvrez les potentiels de nos traitements, pour une peau plus saine et naturelle La beaut\u00e9 commence de l\u2019int\u00e9rieur et se r\u00e9v\u00e8le \u00e0 travers nos soins, con\u00e7us pour sublimer votre \u00e9clat naturel tout en renfor\u00e7ant votre bien-\u00eatre global. Gr\u00e2ce \u00e0 notre expertisem\u00e9dicale et \u00e0 un accompagnement sur mesure, nous vous offrons une exp\u00e9riencefocalis\u00e9e sur vos besoins [&hellip;]\" \/>\n<meta property=\"og:url\" content=\"https:\/\/lajouvence.com\/fr\/contact-us\/\" \/>\n<meta property=\"og:site_name\" content=\"Jouvence\" \/>\n<meta property=\"article:modified_time\" content=\"2025-12-11T11:01:02+00:00\" \/>\n<meta property=\"og:image\" content=\"https:\/\/lajouvence.com\/fr\/wp-content\/uploads\/2024\/10\/treatments-hero.png\" \/>\n\t<meta property=\"og:image:width\" content=\"1400\" \/>\n\t<meta property=\"og:image:height\" content=\"680\" \/>\n\t<meta property=\"og:image:type\" content=\"image\/png\" \/>\n<meta name=\"twitter:card\" content=\"summary_large_image\" \/>\n<meta name=\"twitter:label1\" content=\"Dur\u00e9e de lecture estim\u00e9e\" \/>\n\t<meta name=\"twitter:data1\" content=\"3 minutes\" \/>\n<script type=\"application\/ld+json\" class=\"yoast-schema-graph\">{\"@context\":\"https:\\\/\\\/schema.org\",\"@graph\":[{\"@type\":\"WebPage\",\"@id\":\"https:\\\/\\\/lajouvence.com\\\/fr\\\/contact-us\\\/\",\"url\":\"https:\\\/\\\/lajouvence.com\\\/fr\\\/contact-us\\\/\",\"name\":\"Contactez-nous - Jouvence\",\"isPartOf\":{\"@id\":\"https:\\\/\\\/lajouvence.com\\\/fr\\\/#website\"},\"primaryImageOfPage\":{\"@id\":\"https:\\\/\\\/lajouvence.com\\\/fr\\\/contact-us\\\/#primaryimage\"},\"image\":{\"@id\":\"https:\\\/\\\/lajouvence.com\\\/fr\\\/contact-us\\\/#primaryimage\"},\"thumbnailUrl\":\"https:\\\/\\\/lajouvence.com\\\/fr\\\/wp-content\\\/uploads\\\/2024\\\/10\\\/treatments-hero.png\",\"datePublished\":\"2024-10-09T08:35:33+00:00\",\"dateModified\":\"2025-12-11T11:01:02+00:00\",\"breadcrumb\":{\"@id\":\"https:\\\/\\\/lajouvence.com\\\/fr\\\/contact-us\\\/#breadcrumb\"},\"inLanguage\":\"fr-FR\",\"potentialAction\":[{\"@type\":\"ReadAction\",\"target\":[\"https:\\\/\\\/lajouvence.com\\\/fr\\\/contact-us\\\/\"]}]},{\"@type\":\"ImageObject\",\"inLanguage\":\"fr-FR\",\"@id\":\"https:\\\/\\\/lajouvence.com\\\/fr\\\/contact-us\\\/#primaryimage\",\"url\":\"https:\\\/\\\/lajouvence.com\\\/fr\\\/wp-content\\\/uploads\\\/2024\\\/10\\\/treatments-hero.png\",\"contentUrl\":\"https:\\\/\\\/lajouvence.com\\\/fr\\\/wp-content\\\/uploads\\\/2024\\\/10\\\/treatments-hero.png\",\"width\":1400,\"height\":680},{\"@type\":\"BreadcrumbList\",\"@id\":\"https:\\\/\\\/lajouvence.com\\\/fr\\\/contact-us\\\/#breadcrumb\",\"itemListElement\":[{\"@type\":\"ListItem\",\"position\":1,\"name\":\"Accueil\",\"item\":\"https:\\\/\\\/lajouvence.com\\\/fr\\\/\"},{\"@type\":\"ListItem\",\"position\":2,\"name\":\"Contactez-nous\"}]},{\"@type\":\"WebSite\",\"@id\":\"https:\\\/\\\/lajouvence.com\\\/fr\\\/#website\",\"url\":\"https:\\\/\\\/lajouvence.com\\\/fr\\\/\",\"name\":\"Jouvence\",\"description\":\"Medical Aesthetic Clinic\",\"publisher\":{\"@id\":\"https:\\\/\\\/lajouvence.com\\\/fr\\\/#organization\"},\"potentialAction\":[{\"@type\":\"SearchAction\",\"target\":{\"@type\":\"EntryPoint\",\"urlTemplate\":\"https:\\\/\\\/lajouvence.com\\\/fr\\\/?s={search_term_string}\"},\"query-input\":{\"@type\":\"PropertyValueSpecification\",\"valueRequired\":true,\"valueName\":\"search_term_string\"}}],\"inLanguage\":\"fr-FR\"},{\"@type\":\"Organization\",\"@id\":\"https:\\\/\\\/lajouvence.com\\\/fr\\\/#organization\",\"name\":\"Jouvence\",\"url\":\"https:\\\/\\\/lajouvence.com\\\/fr\\\/\",\"logo\":{\"@type\":\"ImageObject\",\"inLanguage\":\"fr-FR\",\"@id\":\"https:\\\/\\\/lajouvence.com\\\/fr\\\/#\\\/schema\\\/logo\\\/image\\\/\",\"url\":\"https:\\\/\\\/lajouvence.com\\\/fr\\\/wp-content\\\/uploads\\\/2024\\\/09\\\/favicon512x512.png\",\"contentUrl\":\"https:\\\/\\\/lajouvence.com\\\/fr\\\/wp-content\\\/uploads\\\/2024\\\/09\\\/favicon512x512.png\",\"width\":512,\"height\":512,\"caption\":\"Jouvence\"},\"image\":{\"@id\":\"https:\\\/\\\/lajouvence.com\\\/fr\\\/#\\\/schema\\\/logo\\\/image\\\/\"}}]}<\/script>\n<!-- \/ Yoast SEO plugin. -->","yoast_head_json":{"title":"Contactez-nous - Jouvence","robots":{"index":"index","follow":"follow","max-snippet":"max-snippet:-1","max-image-preview":"max-image-preview:large","max-video-preview":"max-video-preview:-1"},"canonical":"https:\/\/lajouvence.com\/fr\/contact-us\/","og_locale":"fr_FR","og_type":"article","og_title":"Contactez-nous - Jouvence","og_description":"D\u00e9couvrez les potentiels de nos traitements, pour une peau plus saine et naturelle La beaut\u00e9 commence de l\u2019int\u00e9rieur et se r\u00e9v\u00e8le \u00e0 travers nos soins, con\u00e7us pour sublimer votre \u00e9clat naturel tout en renfor\u00e7ant votre bien-\u00eatre global. Gr\u00e2ce \u00e0 notre expertisem\u00e9dicale et \u00e0 un accompagnement sur mesure, nous vous offrons une exp\u00e9riencefocalis\u00e9e sur vos besoins [&hellip;]","og_url":"https:\/\/lajouvence.com\/fr\/contact-us\/","og_site_name":"Jouvence","article_modified_time":"2025-12-11T11:01:02+00:00","og_image":[{"width":1400,"height":680,"url":"https:\/\/lajouvence.com\/fr\/wp-content\/uploads\/2024\/10\/treatments-hero.png","type":"image\/png"}],"twitter_card":"summary_large_image","twitter_misc":{"Dur\u00e9e de lecture estim\u00e9e":"3 minutes"},"schema":{"@context":"https:\/\/schema.org","@graph":[{"@type":"WebPage","@id":"https:\/\/lajouvence.com\/fr\/contact-us\/","url":"https:\/\/lajouvence.com\/fr\/contact-us\/","name":"Contactez-nous - Jouvence","isPartOf":{"@id":"https:\/\/lajouvence.com\/fr\/#website"},"primaryImageOfPage":{"@id":"https:\/\/lajouvence.com\/fr\/contact-us\/#primaryimage"},"image":{"@id":"https:\/\/lajouvence.com\/fr\/contact-us\/#primaryimage"},"thumbnailUrl":"https:\/\/lajouvence.com\/fr\/wp-content\/uploads\/2024\/10\/treatments-hero.png","datePublished":"2024-10-09T08:35:33+00:00","dateModified":"2025-12-11T11:01:02+00:00","breadcrumb":{"@id":"https:\/\/lajouvence.com\/fr\/contact-us\/#breadcrumb"},"inLanguage":"fr-FR","potentialAction":[{"@type":"ReadAction","target":["https:\/\/lajouvence.com\/fr\/contact-us\/"]}]},{"@type":"ImageObject","inLanguage":"fr-FR","@id":"https:\/\/lajouvence.com\/fr\/contact-us\/#primaryimage","url":"https:\/\/lajouvence.com\/fr\/wp-content\/uploads\/2024\/10\/treatments-hero.png","contentUrl":"https:\/\/lajouvence.com\/fr\/wp-content\/uploads\/2024\/10\/treatments-hero.png","width":1400,"height":680},{"@type":"BreadcrumbList","@id":"https:\/\/lajouvence.com\/fr\/contact-us\/#breadcrumb","itemListElement":[{"@type":"ListItem","position":1,"name":"Accueil","item":"https:\/\/lajouvence.com\/fr\/"},{"@type":"ListItem","position":2,"name":"Contactez-nous"}]},{"@type":"WebSite","@id":"https:\/\/lajouvence.com\/fr\/#website","url":"https:\/\/lajouvence.com\/fr\/","name":"Jouvence","description":"Medical Aesthetic Clinic","publisher":{"@id":"https:\/\/lajouvence.com\/fr\/#organization"},"potentialAction":[{"@type":"SearchAction","target":{"@type":"EntryPoint","urlTemplate":"https:\/\/lajouvence.com\/fr\/?s={search_term_string}"},"query-input":{"@type":"PropertyValueSpecification","valueRequired":true,"valueName":"search_term_string"}}],"inLanguage":"fr-FR"},{"@type":"Organization","@id":"https:\/\/lajouvence.com\/fr\/#organization","name":"Jouvence","url":"https:\/\/lajouvence.com\/fr\/","logo":{"@type":"ImageObject","inLanguage":"fr-FR","@id":"https:\/\/lajouvence.com\/fr\/#\/schema\/logo\/image\/","url":"https:\/\/lajouvence.com\/fr\/wp-content\/uploads\/2024\/09\/favicon512x512.png","contentUrl":"https:\/\/lajouvence.com\/fr\/wp-content\/uploads\/2024\/09\/favicon512x512.png","width":512,"height":512,"caption":"Jouvence"},"image":{"@id":"https:\/\/lajouvence.com\/fr\/#\/schema\/logo\/image\/"}}]}},"_links":{"self":[{"href":"https:\/\/lajouvence.com\/fr\/wp-json\/wp\/v2\/pages\/187","targetHints":{"allow":["GET"]}}],"collection":[{"href":"https:\/\/lajouvence.com\/fr\/wp-json\/wp\/v2\/pages"}],"about":[{"href":"https:\/\/lajouvence.com\/fr\/wp-json\/wp\/v2\/types\/page"}],"author":[{"embeddable":true,"href":"https:\/\/lajouvence.com\/fr\/wp-json\/wp\/v2\/users\/1"}],"replies":[{"embeddable":true,"href":"https:\/\/lajouvence.com\/fr\/wp-json\/wp\/v2\/comments?post=187"}],"version-history":[{"count":25,"href":"https:\/\/lajouvence.com\/fr\/wp-json\/wp\/v2\/pages\/187\/revisions"}],"predecessor-version":[{"id":736,"href":"https:\/\/lajouvence.com\/fr\/wp-json\/wp\/v2\/pages\/187\/revisions\/736"}],"wp:featuredmedia":[{"embeddable":true,"href":"https:\/\/lajouvence.com\/fr\/wp-json\/wp\/v2\/media\/86"}],"wp:attachment":[{"href":"https:\/\/lajouvence.com\/fr\/wp-json\/wp\/v2\/media?parent=187"}],"curies":[{"name":"wp","href":"https:\/\/api.w.org\/{rel}","templated":true}]}}